{"id":2086,"date":"2022-02-01T12:07:53","date_gmt":"2022-02-01T18:07:53","guid":{"rendered":"https:\/\/scorzaicj.org\/?page_id=2086"},"modified":"2022-02-21T04:48:19","modified_gmt":"2022-02-21T10:48:19","slug":"2a-snsa","status":"publish","type":"page","link":"https:\/\/scorzaicj.org\/?page_id=2086","title":{"rendered":"2a SNSA"},"content":{"rendered":"\t\t<div data-elementor-type=\"wp-page\" data-elementor-id=\"2086\" class=\"elementor elementor-2086\">\n\t\t\t\t\t\t<section class=\"elementor-section elementor-top-section elementor-element elementor-element-ec504ca elementor-section-boxed elementor-section-height-default elementor-section-height-default\" data-id=\"ec504ca\" data-element_type=\"section\">\n\t\t\t\t\t\t<div class=\"elementor-container elementor-column-gap-default\">\n\t\t\t\t\t<div class=\"elementor-column elementor-col-100 elementor-top-column elementor-element elementor-element-0db04fa\" data-id=\"0db04fa\" data-element_type=\"column\">\n\t\t\t<div class=\"elementor-widget-wrap elementor-element-populated\">\n\t\t\t\t\t\t<div class=\"elementor-element elementor-element-b221c2a elementor-widget elementor-widget-image\" data-id=\"b221c2a\" data-element_type=\"widget\" data-widget_type=\"image.default\">\n\t\t\t\t<div class=\"elementor-widget-container\">\n\t\t\t\t\t\t\t\t\t\t\t\t\t\t\t<img fetchpriority=\"high\" decoding=\"async\" width=\"500\" height=\"500\" src=\"https:\/\/scorzaicj.org\/wp-content\/uploads\/2022\/02\/Logo-SSNSA.png\" class=\"attachment-large size-large wp-image-2099\" alt=\"\" srcset=\"https:\/\/scorzaicj.org\/wp-content\/uploads\/2022\/02\/Logo-SSNSA.png 500w, https:\/\/scorzaicj.org\/wp-content\/uploads\/2022\/02\/Logo-SSNSA-300x300.png 300w, https:\/\/scorzaicj.org\/wp-content\/uploads\/2022\/02\/Logo-SSNSA-150x150.png 150w, https:\/\/scorzaicj.org\/wp-content\/uploads\/2022\/02\/Logo-SSNSA-230x230.png 230w, https:\/\/scorzaicj.org\/wp-content\/uploads\/2022\/02\/Logo-SSNSA-350x350.png 350w, https:\/\/scorzaicj.org\/wp-content\/uploads\/2022\/02\/Logo-SSNSA-480x480.png 480w\" sizes=\"(max-width: 500px) 100vw, 500px\" \/>\t\t\t\t\t\t\t\t\t\t\t\t\t\t\t<\/div>\n\t\t\t\t<\/div>\n\t\t\t\t\t<\/div>\n\t\t<\/div>\n\t\t\t\t\t<\/div>\n\t\t<\/section>\n\t\t\t\t<section class=\"elementor-section elementor-top-section elementor-element elementor-element-039b235 elementor-section-boxed elementor-section-height-default elementor-section-height-default\" data-id=\"039b235\" data-element_type=\"section\">\n\t\t\t\t\t\t<div class=\"elementor-container elementor-column-gap-default\">\n\t\t\t\t\t<div class=\"elementor-column elementor-col-100 elementor-top-column elementor-element elementor-element-3b357a6\" data-id=\"3b357a6\" data-element_type=\"column\">\n\t\t\t<div class=\"elementor-widget-wrap elementor-element-populated\">\n\t\t\t\t\t\t<div class=\"elementor-element elementor-element-7b6ee48 elementor-widget elementor-widget-video\" data-id=\"7b6ee48\" data-element_type=\"widget\" data-settings=\"{&quot;youtube_url&quot;:&quot;https:\\\/\\\/www.youtube.com\\\/watch?v=HT3dOr94t80&quot;,&quot;video_type&quot;:&quot;youtube&quot;,&quot;controls&quot;:&quot;yes&quot;}\" data-widget_type=\"video.default\">\n\t\t\t\t<div class=\"elementor-widget-container\">\n\t\t\t\t\t\t\t<div class=\"elementor-wrapper elementor-open-inline\">\n\t\t\t<div class=\"elementor-video\"><\/div>\t\t<\/div>\n\t\t\t\t\t\t<\/div>\n\t\t\t\t<\/div>\n\t\t\t\t\t<\/div>\n\t\t<\/div>\n\t\t\t\t\t<\/div>\n\t\t<\/section>\n\t\t\t\t<section class=\"elementor-section elementor-top-section elementor-element elementor-element-055ceaf elementor-section-boxed elementor-section-height-default elementor-section-height-default\" data-id=\"055ceaf\" data-element_type=\"section\">\n\t\t\t\t\t\t<div class=\"elementor-container elementor-column-gap-default\">\n\t\t\t\t\t<div class=\"elementor-column elementor-col-100 elementor-top-column elementor-element elementor-element-b270ba7\" data-id=\"b270ba7\" data-element_type=\"column\">\n\t\t\t<div class=\"elementor-widget-wrap elementor-element-populated\">\n\t\t\t\t\t\t<div class=\"elementor-element elementor-element-4f4321f elementor-widget elementor-widget-image\" data-id=\"4f4321f\" data-element_type=\"widget\" data-widget_type=\"image.default\">\n\t\t\t\t<div class=\"elementor-widget-container\">\n\t\t\t\t\t\t\t\t\t\t\t\t\t\t\t<img decoding=\"async\" width=\"1024\" height=\"1024\" src=\"https:\/\/scorzaicj.org\/wp-content\/uploads\/2022\/02\/Invitaci\u00f3n-SNSA-INSTA-1024x1024.png\" class=\"attachment-large size-large wp-image-2101\" alt=\"\" srcset=\"https:\/\/scorzaicj.org\/wp-content\/uploads\/2022\/02\/Invitaci\u00f3n-SNSA-INSTA-1024x1024.png 1024w, https:\/\/scorzaicj.org\/wp-content\/uploads\/2022\/02\/Invitaci\u00f3n-SNSA-INSTA-300x300.png 300w, https:\/\/scorzaicj.org\/wp-content\/uploads\/2022\/02\/Invitaci\u00f3n-SNSA-INSTA-150x150.png 150w, https:\/\/scorzaicj.org\/wp-content\/uploads\/2022\/02\/Invitaci\u00f3n-SNSA-INSTA-768x768.png 768w, https:\/\/scorzaicj.org\/wp-content\/uploads\/2022\/02\/Invitaci\u00f3n-SNSA-INSTA-830x830.png 830w, https:\/\/scorzaicj.org\/wp-content\/uploads\/2022\/02\/Invitaci\u00f3n-SNSA-INSTA-230x230.png 230w, https:\/\/scorzaicj.org\/wp-content\/uploads\/2022\/02\/Invitaci\u00f3n-SNSA-INSTA-350x350.png 350w, https:\/\/scorzaicj.org\/wp-content\/uploads\/2022\/02\/Invitaci\u00f3n-SNSA-INSTA-480x480.png 480w, https:\/\/scorzaicj.org\/wp-content\/uploads\/2022\/02\/Invitaci\u00f3n-SNSA-INSTA.png 1080w\" sizes=\"(max-width: 1024px) 100vw, 1024px\" \/>\t\t\t\t\t\t\t\t\t\t\t\t\t\t\t<\/div>\n\t\t\t\t<\/div>\n\t\t\t\t\t<\/div>\n\t\t<\/div>\n\t\t\t\t\t<\/div>\n\t\t<\/section>\n\t\t\t\t<section class=\"elementor-section elementor-top-section elementor-element elementor-element-f879d66 elementor-section-boxed elementor-section-height-default elementor-section-height-default\" data-id=\"f879d66\" data-element_type=\"section\">\n\t\t\t\t\t\t<div class=\"elementor-container elementor-column-gap-default\">\n\t\t\t\t\t<div class=\"elementor-column elementor-col-100 elementor-top-column elementor-element elementor-element-1a48ff1\" data-id=\"1a48ff1\" data-element_type=\"column\">\n\t\t\t<div class=\"elementor-widget-wrap\">\n\t\t\t\t\t\t\t<\/div>\n\t\t<\/div>\n\t\t\t\t\t<\/div>\n\t\t<\/section>\n\t\t\t\t<section class=\"elementor-section elementor-top-section elementor-element elementor-element-15ba25e elementor-section-boxed elementor-section-height-default elementor-section-height-default\" data-id=\"15ba25e\" data-element_type=\"section\">\n\t\t\t\t\t\t<div class=\"elementor-container elementor-column-gap-default\">\n\t\t\t\t\t<div class=\"elementor-column elementor-col-100 elementor-top-column elementor-element elementor-element-f4fdabf\" data-id=\"f4fdabf\" data-element_type=\"column\">\n\t\t\t<div class=\"elementor-widget-wrap\">\n\t\t\t\t\t\t\t<\/div>\n\t\t<\/div>\n\t\t\t\t\t<\/div>\n\t\t<\/section>\n\t\t\t\t<section class=\"elementor-section elementor-top-section elementor-element elementor-element-4c0b78e elementor-section-boxed elementor-section-height-default elementor-section-height-default\" data-id=\"4c0b78e\" data-element_type=\"section\">\n\t\t\t\t\t\t<div class=\"elementor-container elementor-column-gap-default\">\n\t\t\t\t\t<div class=\"elementor-column elementor-col-100 elementor-top-column elementor-element elementor-element-547dcaf\" data-id=\"547dcaf\" data-element_type=\"column\">\n\t\t\t<div class=\"elementor-widget-wrap elementor-element-populated\">\n\t\t\t\t\t\t<div class=\"elementor-element elementor-element-bdb56b4 elementor-widget elementor-widget-text-editor\" data-id=\"bdb56b4\" data-element_type=\"widget\" data-widget_type=\"text-editor.default\">\n\t\t\t\t<div class=\"elementor-widget-container\">\n\t\t\t\t\t\t\t\t\t<p>Est\u00e1te pendiente de nuestras redes sociales para conocer nuestros eventos o revista nuestro calendario en la siguiente pesta\u00f1a de esta p\u00e1gina web.<\/p>\t\t\t\t\t\t\t\t<\/div>\n\t\t\t\t<\/div>\n\t\t\t\t\t<\/div>\n\t\t<\/div>\n\t\t\t\t\t<\/div>\n\t\t<\/section>\n\t\t\t\t<\/div>\n\t\t","protected":false},"excerpt":{"rendered":"<p>Est\u00e1te pendiente de nuestras redes sociales para conocer nuestros eventos o revista nuestro calendario en la siguiente pesta\u00f1a de esta p\u00e1gina web.<\/p>\n","protected":false},"author":1,"featured_media":0,"parent":0,"menu_order":0,"comment_status":"closed","ping_status":"closed","template":"","meta":{"footnotes":""},"class_list":["post-2086","page","type-page","status-publish","hentry"],"_links":{"self":[{"href":"https:\/\/scorzaicj.org\/index.php?rest_route=\/wp\/v2\/pages\/2086","targetHints":{"allow":["GET"]}}],"collection":[{"href":"https:\/\/scorzaicj.org\/index.php?rest_route=\/wp\/v2\/pages"}],"about":[{"href":"https:\/\/scorzaicj.org\/index.php?rest_route=\/wp\/v2\/types\/page"}],"author":[{"embeddable":true,"href":"https:\/\/scorzaicj.org\/index.php?rest_route=\/wp\/v2\/users\/1"}],"replies":[{"embeddable":true,"href":"https:\/\/scorzaicj.org\/index.php?rest_route=%2Fwp%2Fv2%2Fcomments&post=2086"}],"version-history":[{"count":6,"href":"https:\/\/scorzaicj.org\/index.php?rest_route=\/wp\/v2\/pages\/2086\/revisions"}],"predecessor-version":[{"id":2105,"href":"https:\/\/scorzaicj.org\/index.php?rest_route=\/wp\/v2\/pages\/2086\/revisions\/2105"}],"wp:attachment":[{"href":"https:\/\/scorzaicj.org\/index.php?rest_route=%2Fwp%2Fv2%2Fmedia&parent=2086"}],"curies":[{"name":"wp","href":"https:\/\/api.w.org\/{rel}","templated":true}]}}